{"id":111,"date":"2020-03-31T07:09:25","date_gmt":"2020-03-31T07:09:25","guid":{"rendered":"https:\/\/primealture.oltrepoacasatua.it\/?page_id=111"},"modified":"2020-03-31T15:43:53","modified_gmt":"2020-03-31T15:43:53","slug":"condizioni-generali-di-vendita","status":"publish","type":"page","link":"https:\/\/tenutaborgolano.oltrepoacasatua.it\/index.php\/condizioni-generali-di-vendita\/","title":{"rendered":"Condizioni generali di vendita"},"content":{"rendered":"<p>[vc_row][vc_column][vc_custom_heading text=&#8221;Condizioni generali di vendita per i siti che aderiscono all&#8217;iniziativa #Oltrepoacasatua&#8221; font_container=&#8221;tag:h2|text_align:center&#8221; use_theme_fonts=&#8221;yes&#8221;]<div class=\"martfury-empty-space \"><div class=\"mf_empty_space_lg\"  style=\"height: 30px\"><\/div><div class=\"mf_empty_space_md\"  style=\"height: 30px\"><\/div><div class=\"mf_empty_space_xs\"  style=\"height: 30px\"><\/div><\/div>[vc_column_text]<\/p>\n<p align=\"JUSTIFY\"><b>Art. 1 &#8211; Disposizioni generali<\/b><\/p>\n<p align=\"JUSTIFY\">A. L&#8217;utente navigando in quest&#8217;area accede al sito aziendale della cantina aderente all&#8217;iniziativa dall&#8217;url principale oltrepopacasatua.it. La navigazione e la trasmissione di un ordine di acquisto sul sito comportano l&#8217;accettazione delle Condizioni e delle Politiche di Protezione dei Dati adottate dal sito stesso ivi indicate.<\/p>\n<p align=\"JUSTIFY\">B. Le presenti Condizioni Generali di Vendita si applicano alla vendita di prodotti con esclusivo riferimento agli acquisti effettuati sul sito conformemente alle disposizioni della Parte III, Titolo III, Capo I, Codice del Consumo (D.lgs. n. 206\/05 modificato dal D.lgs. n. 21\/14 e D.lgs. 70\/03) da parte delle aziende aderenti<\/p>\n<p align=\"JUSTIFY\">C. L&#8217;utente \u00e8 tenuto, prima di accedere ai prodotti forniti dal sito, a leggere le presenti Condizioni Generali di Vendita che si intendono lette ed integralmente ed inequivocabilmente accettate al momento dell&#8217;acquisto.<\/p>\n<p align=\"JUSTIFY\">D. Si invita l&#8217;utente a scaricare e stampare una copia del modulo d&#8217;acquisto e delle presenti Condizioni Generali di Vendita con riserva e facolt\u00e0 di modificarne unilateralmente e senza alcun preavviso i termini.<\/p>\n<p align=\"JUSTIFY\">Art. 2 \u2013 Oggetto<\/p>\n<p align=\"JUSTIFY\">A. Le presenti Condizioni Generali di Vendita disciplinano l&#8217;offerta, l&#8217;inoltro e l&#8217;accettazione di ordini d&#8217;acquisto di prodotti con le aziende aderenti e non disciplinano, invece, la fornitura di servizi o la vendita di prodotti da parte di soggetti diversi dal titolare del sito (venditore) che siano presenti sul medesimo sito tramite link, banner o altri collegamenti ipertestuali.<\/p>\n<p align=\"JUSTIFY\">B. Prima di inoltrare ordini ed acquistare prodotti e servizi da soggetti diversi, suggeriamo di verificare le loro condizioni di vendita stante la nostra totale ed integrale estraneit\u00e0.<\/p>\n<p align=\"JUSTIFY\"><b>Art. 3 &#8211; Conclusione del contratto<\/b><\/p>\n<p align=\"JUSTIFY\">A. Per concludere il contratto di acquisto, sar\u00e0 necessario compilare il formulario in formato elettronico e trasmetterlo seguendo le relative istruzioni. In assenza, o in parzialit\u00e0, di tale percorso il contratto sar\u00e0 da intendersi sospeso e non produttivo di effetti.<\/p>\n<p align=\"JUSTIFY\">B. In esso sono contenuti il rinvio alle Condizioni Generali di Vendita, le immagini di ciascun prodotto ed il relativo prezzo, i mezzi di pagamento che \u00e8 possibile utilizzare, le modalit\u00e0 di consegna dei prodotti acquistati e i relativi costi di spedizione e consegna, un rimando alle condizioni per l&#8217;esercizio del diritto di recesso; modalit\u00e0 e tempi di restituzione dei prodotti acquistati.<\/p>\n<p align=\"JUSTIFY\">C. Prima di concludere il contratto, sar\u00e0 chiesto di confermare l&#8217;avvenuta lettura delle Condizioni Generali di Vendita comprensive dell&#8217;Informativa sul diritto di recesso e del trattamento dei dati personali.<\/p>\n<p align=\"JUSTIFY\">D. Il contratto \u00e8 concluso quando il venditore riceve il formulario compilato dall&#8217;utente, previa verifica della correttezza dei dati ivi contenuti.<\/p>\n<p align=\"JUSTIFY\">E. L&#8217;acquirente sar\u00e0 obbligato al pagamento del prezzo dal momento in cui la procedura di inoltro dell&#8217;ordine on line sar\u00e0 conclusa. Ci\u00f2 avverr\u00e0 cliccando sul tasto EFFETTUA ORDINE alla fine della procedura guidata.<\/p>\n<p align=\"JUSTIFY\">F. Concluso il contratto, il venditore prende in carico l&#8217;ordine per la sua evasione.<\/p>\n<p align=\"JUSTIFY\">G. Il venditore si riserva comunque l&#8217;accettazione definitiva del contratto nel caso in cui avesse fondati motivi per contestarne il perfezionamento. Il venditore comunicher\u00e0 direttamente all&#8217;acquirente la rescissione del contratto di compravendita. In assenza di comunicazioni in tal senso entro 48 ore il contratto sar\u00e0 da considerarsi perfezionato ed efficace.<\/p>\n<p align=\"JUSTIFY\"><b>Art. 4 &#8211; Utenti registrati<\/b><\/p>\n<p align=\"JUSTIFY\">A. Nel completare le procedure di registrazione, l&#8217;utente si obbliga a seguire le indicazioni presenti sul sito e a fornire i propri dati personali in maniera corretta e veritiera.<\/p>\n<p align=\"JUSTIFY\">B. Una volta effettuata la registrazione, l&#8217;utente ricever\u00e0 una mail di conferma nella email da lui fornita. La conferma dovr\u00e0 essere comunicata al massimo entro 48 ore. Trascorso questo periodo, in difetto di conferma, l&#8217;azienda sar\u00e0 liberato da ogni impegno nei confronti dell&#8217;utente.<\/p>\n<p align=\"JUSTIFY\">C. La conferma esonerer\u00e0 in ogni caso l&#8217;azienda da ogni responsabilit\u00e0 circa i dati forniti dall&#8217;utente. L&#8217; utente si obbliga a informare tempestivamente l&#8217;azienda di qualsiasi variazione dei propri dati in ogni tempo comunicati.<\/p>\n<p align=\"JUSTIFY\">D. Qualora poi l&#8217;utente comunichi dati non esatti o incompleti ovvero anche nel caso in cui vi sia contestazione da parte dei soggetti interessati circa i pagamenti effettuati, l&#8217;azienda avr\u00e0 facolt\u00e0 di non attivare ovvero di sospendere il servizio fino a sanatoria delle relative mancanze.<\/p>\n<p align=\"JUSTIFY\">E. In occasione della prima richiesta di attivazione di un profilo da parte dell&#8217;utente, l&#8217;azienda attribuir\u00e0 allo stesso nome utente ed una password. Quest&#8217;ultimo riconosce che tali identificativi costituiscono il sistema di validazione degli accessi dell&#8217;utente ai Servizi ed il solo sistema idoneo ad identificare l&#8217;utente che gli atti compiuti mediante tale accesso saranno a lui attribuiti e avranno efficacia vincolante nei suoi confronti.<\/p>\n<p align=\"JUSTIFY\">F. L&#8217;utente si obbliga a mantenerne la segretezza dei suoi dati d&#8217;accesso e a custodirli con la dovuta cura e diligenza e a non cederli anche temporaneamente a terzi.<\/p>\n<p align=\"JUSTIFY\"><b>Art. 5 &#8211; Disponibilit\u00e0 dei prodotti<\/b><\/p>\n<p align=\"JUSTIFY\">A. La disponibilit\u00e0 dei prodotti si riferisce alla disponibilit\u00e0 effettiva nel momento in cui il l&#8217;acquirente effettua l&#8217;ordine. Tale disponibilit\u00e0 deve comunque essere considerata puramente indicativa perch\u00e9, per effetto della contemporanea presenza sul sito di pi\u00f9 utenti, i prodotti potrebbero essere venduti ad altri clienti prima della conferma dell&#8217;ordine.<\/p>\n<p align=\"JUSTIFY\">B. Anche in seguito all&#8217;invio dell&#8217;e-mail di conferma dell&#8217;ordine potrebbero verificarsi casi di indisponibilit\u00e0 parziale o totale della merce. In questa eventualit\u00e0, l&#8217;ordine verr\u00e0 rettificato automaticamente con l&#8217;eliminazione del prodotto non disponibile e il l&#8217;acquirente verr\u00e0 immediatamente informato via e-mail.<\/p>\n<p align=\"JUSTIFY\">C. Se l&#8217;acquirente richiede l&#8217;annullamento dell&#8217;ordine, risolvendo il contratto, l&#8217;azienda rimborser\u00e0 l&#8217;importo pagato entro 30 giorni a partire dal momento in cui l&#8217;azienda ha avuto conoscenza della decisione del l&#8217;acquirente di risolvere il contratto.<\/p>\n<p align=\"JUSTIFY\"><b>Art. 6 &#8211; Prodotti offerti<\/b><\/p>\n<p align=\"JUSTIFY\">A. Le aziende aderenti commercializzano prodotti derivanti dalla produzione agricola aziendale escludendo prodotti acquistati presso terzi.<\/p>\n<p align=\"JUSTIFY\">B. L&#8217;offerta \u00e8 dettagliata nel nostro sito ai rispettivi link aziendali<\/p>\n<p align=\"JUSTIFY\"><b>Art. 7 &#8211; Modalit\u00e0 di pagamento e prezzi<\/b><\/p>\n<p align=\"JUSTIFY\">A. Il prezzo dei prodotti sar\u00e0 quello indicato di volta in volta sul sito, salvo laddove sussista un errore palese.<\/p>\n<p align=\"JUSTIFY\">B. In caso di errore l&#8217;azienda avviser\u00e0 prima possibile l&#8217;acquirente consentendo la conferma dell&#8217;ordine al giusto importo ovvero l&#8217;annullamento. Non sussister\u00e0 ad ogni modo per l&#8217;azienda l&#8217;obbligo di fornire quanto venduto al prezzo inferiore erroneamente indicato.<\/p>\n<p align=\"JUSTIFY\">C. I prezzi del sito sono comprensivi di IVA e non includono le spese di spedizione. I prezzi possono subire variazioni in qualsiasi momento. I cambiamenti non riguardano gli ordini per i quali sia stata gi\u00e0 inviata conferma dell&#8217;ordine.<\/p>\n<p align=\"JUSTIFY\">D. Una volta selezionati i prodotti desiderati, essi saranno aggiunti al carrello. Sar\u00e0 sufficiente seguire le istruzioni per l&#8217;acquisto, inserendo o verificando le informazioni richieste in ogni passaggio del processo. I dettagli dell&#8217;ordine potranno essere modificati prima del pagamento.<\/p>\n<p align=\"JUSTIFY\">E. Il pagamento pu\u00f2 essere effettuato tramite bonifico bancario oppure con pagamento elettronico offerto da PayPal<\/p>\n<p align=\"JUSTIFY\"><b>Art. 8 \u2013 Consegna<\/b><\/p>\n<p align=\"JUSTIFY\">A Le aziende si impegnano ad effettuare spedizioni in tutto il territorio italiano, escluse lo stato di Citt\u00e0 del Vaticano e la Repubblica di San Marino. Le aziende si riservano di comunicare condizioni diverse di consegna in funzione dei quantitativi acquistati. In questo caso l&#8217;ordine rimarr\u00e0 sospeso e le parti potranno concordare e definire condizioni diverse.<\/p>\n<p align=\"JUSTIFY\">B. L&#8217;azienda effettuer\u00e0 solamente consegne presso il domicilio dell&#8217;utente, fornito al momento dell&#8217;acquisto, tramite corriere<\/p>\n<p align=\"JUSTIFY\">C. La consegna viene effettuata generalmente entro sette giorni, o, qualora non fosse specificata alcuna data di consegna, entro il termine stimato al momento della selezione della modalit\u00e0 di consegna e, in ogni caso, entro il termine massimo di trenta giorni dalla data della conferma.<\/p>\n<p align=\"JUSTIFY\">D. Qualora non fosse possibile effettuare la consegna, l&#8217;ordine verr\u00e0 inviato al deposito del corriere. In tale evenienza, un avviso preciser\u00e0 luogo in cui si trova l&#8217;ordine e le modalit\u00e0 con cui concordare una nuova consegna.<\/p>\n<p align=\"JUSTIFY\">E. Qualora non fosse in grado di essere presente nel luogo di consegna all&#8217;orario concordato, Le chiediamo di contattare nuovamente il corriere tramite l&#8217;avviso lasciato al domicilio di consegna, per concordare una nuova data di consegna.<\/p>\n<p align=\"JUSTIFY\">F. Qualora la consegna non possa avere luogo per cause a noi non imputabili dopo trenta giorni dalla data in cui l&#8217;ordine \u00e8 disponibile per la consegna, assumeremo che si intenda risolvere il contratto.<\/p>\n<p align=\"JUSTIFY\">G. In conseguenza della risoluzione gli importi saranno restituiti, inclusi i costi di consegna con l&#8217;esclusione di eventuali costi addizionali derivanti dalla scelta di un metodo di consegna diverso dal metodo ordinario offerto senza ingiustificato ritardo e, in ogni caso, entro 30 giorni dalla data di risoluzione del contratto. Il trasporto derivante dalla risoluzione del contratto potrebbe avere costi addizionali che saranno a carico dell&#8217;acquirente.<\/p>\n<p align=\"JUSTIFY\">H. Le spese di spedizione sono a carico dell&#8217;acquirente e sono evidenziate esplicitamente al momento dell&#8217;effettuazione dell&#8217;ordine.<\/p>\n<p align=\"JUSTIFY\"><b>Art. 9 &#8211; Passaggio del rischio<\/b><\/p>\n<p align=\"JUSTIFY\">A. I rischi relativi ai prodotti passeranno a carico dell&#8217;acquirente a partire dal momento della consegna. La propriet\u00e0 dei prodotti si considera acquisita appena ricevuto il pagamento completo di tutti gli importi dovuti in relazione agli stessi, incluse le spese di spedizione, ovvero al momento della consegna, se questa avvenisse in un secondo momento.<\/p>\n<p align=\"JUSTIFY\"><b>Art. 10 &#8211; Garanzia e conformit\u00e0 commerciale<\/b><\/p>\n<p align=\"JUSTIFY\">A. Il venditore \u00e8 responsabile per qualsiasi difetto dei prodotti offerti sul sito, ivi inclusa la non conformit\u00e0 degli articoli ai prodotti ordinati, ai sensi di quanto disposto dalla normativa italiana.<\/p>\n<p align=\"JUSTIFY\">B. Se l&#8217;acquirente ha stipulato il contratto in qualit\u00e0 di consumatore ovverosia qualsiasi persona fisica che agisca sul sito per scopi estranei all&#8217;attivit\u00e0 imprenditoriale o professionale eventualmente svolta, la presente garanzia \u00e8 valida a condizione che il difetto si manifesti entro 24 mesi dalla data di consegna dei prodotti; che l&#8217;acquirente presenti reclamo formale relativamente ai difetti entro un massimo di giorni dieci dalla data in cui il difetto \u00e8 stato da quest&#8217;ultimo riconosciuto; che venga compilato correttamente il modulo di reso online.<\/p>\n<p align=\"JUSTIFY\">C. In caso di mancata conformit\u00e0, il l&#8217;acquirente che ha stipulato il contratto in qualit\u00e0 di consumatore avr\u00e0 diritto ad ottenere il ripristino della conformit\u00e0 dei prodotti senza spese, mediante riparazione o sostituzione, ovvero di ottenere un&#8217;appropriata riduzione di prezzo ovvero la risoluzione del contratto relativamente ai beni contestati e la conseguente restituzione del prezzo.<\/p>\n<p align=\"JUSTIFY\"><b>Art. 11 \u2013 Recesso<\/b><\/p>\n<p align=\"JUSTIFY\">A. Conformemente alle disposizioni legali in vigore, l&#8217;acquirente ha diritto di recedere dall&#8217;acquisto senza alcuna penalit\u00e0 e senza specificarne il motivo, entro il termine di 14 giorni ai sensi dell&#8217;art. 57 del D.lgs 206\/2005 decorrenti dalla data di ricezione dei prodotti da comunicarsi presso la sede legale del venditore a mezzo raccomandata o PEC.<\/p>\n<p align=\"JUSTIFY\">B. In caso di acquisti multipli effettuati dal l&#8217;acquirente con un solo ordine e consegnati separatamente, il termine di 30 giorni decorre dalla data di ricezione dell&#8217;ultimo prodotto.<\/p>\n<p align=\"JUSTIFY\">C. L&#8217;acquirente dovr\u00e0 esercitare il diritto di recesso anche inviando una qualsiasi dichiarazione esplicita contenente la decisione di recedere dal contratto oppure alternativamente trasmettere il modulo di recesso tipo, di cui all&#8217;Allegato I, parte B, D.Lgs 21\/2014 non obbligatorio.<\/p>\n<p align=\"JUSTIFY\">D. La merce dovr\u00e0 essere <span style=\"color: #000000;\">restituita <\/span><span style=\"color: #000000;\">presso la sede aziendale del venditore.<\/span><\/p>\n<p align=\"JUSTIFY\">E. La merce dovr\u00e0 essere restituita integra, nella confezione originale, completa in tutte le sue parti e completa della documentazione fiscale annessa. Fatta salva la facolt\u00e0 di verificare il rispetto di quanto sopra, il sito provveder\u00e0 a rimborsare l&#8217;importo dei prodotti oggetto del recesso entro un termine massimo di 30 giorni, comprensivo degli eventuali costi di spedizione.<\/p>\n<p align=\"JUSTIFY\">F. Non si applicher\u00e0 il diritto al recesso nel caso in cui i servizi e prodotti sono inclusi nelle categorie dell&#8217;art. 59 del D.Lgs 206\/2005.<\/p>\n<p align=\"JUSTIFY\">G. Il sito eseguir\u00e0 il rimborso utilizzando lo stesso mezzo di pagamento scelto dal l&#8217;acquirente in fase di acquisto. Nel caso di pagamento effettuato con bonifico, e qualora il l&#8217;acquirente intenda esercitare il proprio diritto di recesso, dovr\u00e0 fornire le coordinate bancarie: IBAN, SWIFT e BIC necessari all&#8217;effettuazione del rimborso.<\/p>\n<p align=\"JUSTIFY\"><b>Art. 12 &#8211; Trattamento dei dati<\/b><\/p>\n<p align=\"JUSTIFY\">A. I dati del l&#8217;acquirente sono trattati conformemente a quanto previsto dalla normativa in materia di protezione dei dati personali, come specificato nell&#8217;apposita sezione contenente l&#8217;informativa ai sensi dell&#8217;art. 13 Regolamento UE 2016\/679 (Privacy Policy).<\/p>\n<p align=\"JUSTIFY\"><b>Art. 13- Contatti<\/b><\/p>\n<p align=\"JUSTIFY\">A. Ogni richiesta di informazione potr\u00e0 essere inviata via mail presso l&#8217;indirizzo delle singole aziende<\/p>\n<p align=\"JUSTIFY\"><b>Art. 14 &#8211; Legge applicabile e foro competente<\/b><\/p>\n<p align=\"JUSTIFY\">A Le presenti Condizioni Generali di Vendita sono disciplinate dal diritto italiano ed interpretate in base ad esso, fatta salva qualsiasi diversa norma imperativa prevalente del paese di residenza abituale del l&#8217;acquirente. Di conseguenza l&#8217;interpretazione, esecuzione e risoluzione delle Condizioni Generali di Vendita sono soggette esclusivamente alla legge Italiana.<\/p>\n<p align=\"JUSTIFY\">B. Eventuali controversie inerenti e\/o conseguenti alle stesse dovranno essere risolte in via esclusiva dall&#8217;autorit\u00e0 giurisdizionale Italiana. In particolare, qualora il l&#8217;acquirente rivesta la qualifica di Consumatore, le eventuali controversie dovranno essere risolte dal tribunale del luogo di domicilio o residenza dello stesso in base alla legge applicabile.<\/p>\n<p align=\"JUSTIFY\"><strong>Le presenti condizioni sono state redatte in data 31 marzo 2020<\/strong><\/p>\n<p>[\/vc_column_text][\/vc_column][\/vc_row]<\/p>\n","protected":false},"excerpt":{"rendered":"<p>[vc_row][vc_column][vc_custom_heading text=&#8221;Condizioni generali di vendita per i siti che aderiscono all&#8217;iniziativa #Oltrepoacasatua&#8221; font_container=&#8221;tag:h2|text_align:center&#8221; use_theme_fonts=&#8221;yes&#8221;][vc_column_text] Art. 1 &#8211; Disposizioni generali A. L&#8217;utente navigando in quest&#8217;area accede al sito aziendale della cantina aderente all&#8217;iniziativa dall&#8217;url principale oltrepopacasatua.it. La navigazione e la trasmissione di un ordine di acquisto sul sito comportano l&#8217;accettazione delle Condizioni e delle Politiche di&hellip;<\/p>\n","protected":false},"author":1,"featured_media":0,"parent":0,"menu_order":0,"comment_status":"closed","ping_status":"closed","template":"","meta":{"_monsterinsights_skip_tracking":false,"_monsterinsights_sitenote_active":false,"_monsterinsights_sitenote_note":"","_monsterinsights_sitenote_category":0,"spay_email":""},"_links":{"self":[{"href":"https:\/\/tenutaborgolano.oltrepoacasatua.it\/index.php\/wp-json\/wp\/v2\/pages\/111"}],"collection":[{"href":"https:\/\/tenutaborgolano.oltrepoacasatua.it\/index.php\/wp-json\/wp\/v2\/pages"}],"about":[{"href":"https:\/\/tenutaborgolano.oltrepoacasatua.it\/index.php\/wp-json\/wp\/v2\/types\/page"}],"author":[{"embeddable":true,"href":"https:\/\/tenutaborgolano.oltrepoacasatua.it\/index.php\/wp-json\/wp\/v2\/users\/1"}],"replies":[{"embeddable":true,"href":"https:\/\/tenutaborgolano.oltrepoacasatua.it\/index.php\/wp-json\/wp\/v2\/comments?post=111"}],"version-history":[{"count":4,"href":"https:\/\/tenutaborgolano.oltrepoacasatua.it\/index.php\/wp-json\/wp\/v2\/pages\/111\/revisions"}],"predecessor-version":[{"id":124,"href":"https:\/\/tenutaborgolano.oltrepoacasatua.it\/index.php\/wp-json\/wp\/v2\/pages\/111\/revisions\/124"}],"wp:attachment":[{"href":"https:\/\/tenutaborgolano.oltrepoacasatua.it\/index.php\/wp-json\/wp\/v2\/media?parent=111"}],"curies":[{"name":"wp","href":"https:\/\/api.w.org\/{rel}","templated":true}]}}