{"id":263,"date":"2020-05-03T16:57:05","date_gmt":"2020-05-03T16:57:05","guid":{"rendered":"https:\/\/tenutaborgolano.oltrepoacasatua.it\/?post_type=product&#038;p=263"},"modified":"2024-03-23T05:26:23","modified_gmt":"2024-03-23T05:26:23","slug":"daimjo-pinot-nero-rose","status":"publish","type":"product","link":"https:\/\/tenutaborgolano.oltrepoacasatua.it\/index.php\/prodotto\/daimjo-pinot-nero-rose\/","title":{"rendered":"Daimyo Pinot Nero Ros\u00e8"},"content":{"rendered":"<p>Daimyo Ros\u00e8 Pinot Nero Ros\u00e8<\/p>\n<p><strong>Variet\u00e0 Uva<\/strong> Pinot Nero 100%, cloni differenti.<\/p>\n<p><strong>Tipo di raccolta<\/strong> Manuale, da vigneti del comune di S. Maria dalla Versa. Esposizione S-E<\/p>\n<p><strong>Sistema di vinificazione<\/strong> In rosa, con leggera macerazione. Fermentazione a temperatura controllata. Seconda fermentazione in autoclave. Solo acciaio. Frizzante<\/p>\n<p><strong>Analisi organolettica<\/strong> Ros\u00e8 naturale. Elegante, intenso Fruttato. Nota di mandorla amara. Buona persistenza. Si gusta al meglio con salumi padani, carni bianche e pesce.<\/p>\n<p><strong>Servizio<\/strong>: 8 &#8211; 10\u00b0C\u00a0 \u00a0<strong>Alcool<\/strong>: 12%\u00a0 \u00a0<strong>CONTIENE SOLFITI<\/strong><\/p>\n","protected":false},"excerpt":{"rendered":"<p><strong>Ros\u00e8 naturale. Elegante, intenso Fruttato. Nota di mandorla amara. Buona persistenza. Si gusta al meglio con salumi padani, carni bianche e pesce.<\/strong><\/p>\n","protected":false},"featured_media":316,"comment_status":"open","ping_status":"closed","template":"","meta":{"_monsterinsights_skip_tracking":false,"_monsterinsights_sitenote_active":false,"_monsterinsights_sitenote_note":"","_monsterinsights_sitenote_category":0,"spay_email":""},"_links":{"self":[{"href":"https:\/\/tenutaborgolano.oltrepoacasatua.it\/index.php\/wp-json\/wp\/v2\/product\/263"}],"collection":[{"href":"https:\/\/tenutaborgolano.oltrepoacasatua.it\/index.php\/wp-json\/wp\/v2\/product"}],"about":[{"href":"https:\/\/tenutaborgolano.oltrepoacasatua.it\/index.php\/wp-json\/wp\/v2\/types\/product"}],"replies":[{"embeddable":true,"href":"https:\/\/tenutaborgolano.oltrepoacasatua.it\/index.php\/wp-json\/wp\/v2\/comments?post=263"}],"wp:featuredmedia":[{"embeddable":true,"href":"https:\/\/tenutaborgolano.oltrepoacasatua.it\/index.php\/wp-json\/wp\/v2\/media\/316"}],"wp:attachment":[{"href":"https:\/\/tenutaborgolano.oltrepoacasatua.it\/index.php\/wp-json\/wp\/v2\/media?parent=263"}],"curies":[{"name":"wp","href":"https:\/\/api.w.org\/{rel}","templated":true}]}}